{"id":107,"date":"2016-11-23T23:59:34","date_gmt":"2016-11-23T22:59:34","guid":{"rendered":"http:\/\/www.sebastonlutherie.com\/?page_id=107"},"modified":"2016-11-29T14:42:21","modified_gmt":"2016-11-29T13:42:21","slug":"demande-de-devis","status":"publish","type":"page","link":"http:\/\/www.sebastonlutherie.com\/?page_id=107","title":{"rendered":"Demande de devis"},"content":{"rendered":"<p>Un projet, une envie, une id\u00e9e !<br \/>\nLe devis est gratuit.<br \/>\nEnvoyez-nous un cahier des charges par mail !<\/p>\n<p>&nbsp;<\/p>\n<p>T\u00e9l\u00e9chargement:\u00a0\u00a0<a href=\"http:\/\/www.sebastonlutherie.com\/wp-content\/uploads\/2016\/11\/Cahier-des-charge-type-bon.docx\">cahier-des-charges<\/a><\/p>\n<p>&nbsp;<\/p>\n<p>Notre mail : seb.rouillon@orange.fr<\/p>\n<p>&nbsp;<\/p>\n","protected":false},"excerpt":{"rendered":"<p>Un projet, une envie, une id\u00e9e ! Le devis est gratuit. Envoyez-nous un cahier des charges par mail ! &nbsp; T\u00e9l\u00e9chargement:\u00a0\u00a0cahier-des-charges &nbsp; [&hellip;]<\/p>\n","protected":false},"author":1,"featured_media":0,"parent":0,"menu_order":0,"comment_status":"closed","ping_status":"closed","template":"","meta":[],"_links":{"self":[{"href":"http:\/\/www.sebastonlutherie.com\/index.php?rest_route=\/wp\/v2\/pages\/107"}],"collection":[{"href":"http:\/\/www.sebastonlutherie.com\/index.php?rest_route=\/wp\/v2\/pages"}],"about":[{"href":"http:\/\/www.sebastonlutherie.com\/index.php?rest_route=\/wp\/v2\/types\/page"}],"author":[{"embeddable":true,"href":"http:\/\/www.sebastonlutherie.com\/index.php?rest_route=\/wp\/v2\/users\/1"}],"replies":[{"embeddable":true,"href":"http:\/\/www.sebastonlutherie.com\/index.php?rest_route=%2Fwp%2Fv2%2Fcomments&post=107"}],"version-history":[{"count":10,"href":"http:\/\/www.sebastonlutherie.com\/index.php?rest_route=\/wp\/v2\/pages\/107\/revisions"}],"predecessor-version":[{"id":327,"href":"http:\/\/www.sebastonlutherie.com\/index.php?rest_route=\/wp\/v2\/pages\/107\/revisions\/327"}],"wp:attachment":[{"href":"http:\/\/www.sebastonlutherie.com\/index.php?rest_route=%2Fwp%2Fv2%2Fmedia&parent=107"}],"curies":[{"name":"wp","href":"https:\/\/api.w.org\/{rel}","templated":true}]}}