{"id":266,"date":"2016-11-24T11:06:44","date_gmt":"2016-11-24T10:06:44","guid":{"rendered":"http:\/\/www.sebastonlutherie.com\/?page_id=266"},"modified":"2016-11-25T13:00:49","modified_gmt":"2016-11-25T12:00:49","slug":"samples","status":"publish","type":"page","link":"http:\/\/www.sebastonlutherie.com\/?page_id=266","title":{"rendered":"Samples"},"content":{"rendered":"<p>Ecoutez\u00a0les mod\u00e8les Sebaston<\/p>\n<hr \/>\n<p><em>Scorpio mod\u00e8le<\/em> :<\/p>\n<p><img loading=\"lazy\" class=\"alignnone size-thumbnail wp-image-270\" src=\"http:\/\/www.sebastonlutherie.com\/wp-content\/uploads\/2016\/11\/scorpio1-150x150.jpg\" alt=\"scorpio1\" width=\"150\" height=\"150\" \/><\/p>\n<p><iframe loading=\"lazy\" src=\"https:\/\/w.soundcloud.com\/player\/?url=https%3A\/\/soundcloud.com\/user-155708382\/scorpio-model&amp;auto_play=false&amp;hide_related=false&amp;show_comments=true&amp;show_user=true&amp;show_reposts=false&amp;visual=true\" width=\"100%\" height=\"auto\" frameborder=\"no\" scrolling=\"no\"><\/iframe><\/p>\n<hr \/>\n<p><em>Shape mod\u00e8le<\/em> :<\/p>\n<p><img loading=\"lazy\" class=\"alignnone size-thumbnail wp-image-271\" src=\"http:\/\/www.sebastonlutherie.com\/wp-content\/uploads\/2016\/11\/shape-150x150.jpg\" alt=\"shape\" width=\"150\" height=\"150\" \/><\/p>\n<p><iframe loading=\"lazy\" src=\"https:\/\/w.soundcloud.com\/player\/?url=https%3A\/\/soundcloud.com\/user-155708382\/shape-model&amp;auto_play=false&amp;hide_related=false&amp;show_comments=true&amp;show_user=true&amp;show_reposts=false&amp;visual=true\" width=\"100%\" height=\"auto\" frameborder=\"no\" scrolling=\"no\"><\/iframe><\/p>\n<hr \/>\n<p><em>Shark custom mod\u00e8le<\/em> :<\/p>\n<p><img loading=\"lazy\" class=\"alignnone size-thumbnail wp-image-272\" src=\"http:\/\/www.sebastonlutherie.com\/wp-content\/uploads\/2016\/11\/sharkcustom-150x150.jpg\" alt=\"sharkcustom\" width=\"150\" height=\"150\" \/><\/p>\n<p><iframe loading=\"lazy\" src=\"https:\/\/w.soundcloud.com\/player\/?url=https%3A\/\/soundcloud.com\/user-155708382\/diego-cover&amp;auto_play=false&amp;hide_related=false&amp;show_comments=true&amp;show_user=true&amp;show_reposts=false&amp;visual=true\" width=\"100%\" height=\"auto\" frameborder=\"no\" scrolling=\"no\"><\/iframe><\/p>\n","protected":false},"excerpt":{"rendered":"<p>Ecoutez\u00a0les mod\u00e8les Sebaston Scorpio mod\u00e8le : Shape mod\u00e8le : Shark custom mod\u00e8le :<\/p>\n","protected":false},"author":1,"featured_media":0,"parent":0,"menu_order":0,"comment_status":"closed","ping_status":"closed","template":"","meta":[],"_links":{"self":[{"href":"http:\/\/www.sebastonlutherie.com\/index.php?rest_route=\/wp\/v2\/pages\/266"}],"collection":[{"href":"http:\/\/www.sebastonlutherie.com\/index.php?rest_route=\/wp\/v2\/pages"}],"about":[{"href":"http:\/\/www.sebastonlutherie.com\/index.php?rest_route=\/wp\/v2\/types\/page"}],"author":[{"embeddable":true,"href":"http:\/\/www.sebastonlutherie.com\/index.php?rest_route=\/wp\/v2\/users\/1"}],"replies":[{"embeddable":true,"href":"http:\/\/www.sebastonlutherie.com\/index.php?rest_route=%2Fwp%2Fv2%2Fcomments&post=266"}],"version-history":[{"count":6,"href":"http:\/\/www.sebastonlutherie.com\/index.php?rest_route=\/wp\/v2\/pages\/266\/revisions"}],"predecessor-version":[{"id":292,"href":"http:\/\/www.sebastonlutherie.com\/index.php?rest_route=\/wp\/v2\/pages\/266\/revisions\/292"}],"wp:attachment":[{"href":"http:\/\/www.sebastonlutherie.com\/index.php?rest_route=%2Fwp%2Fv2%2Fmedia&parent=266"}],"curies":[{"name":"wp","href":"https:\/\/api.w.org\/{rel}","templated":true}]}}