{"id":63,"date":"2016-11-23T18:15:55","date_gmt":"2016-11-23T17:15:55","guid":{"rendered":"http:\/\/www.sebastonlutherie.com\/?page_id=63"},"modified":"2016-11-29T14:48:22","modified_gmt":"2016-11-29T13:48:22","slug":"63-2","status":"publish","type":"page","link":"http:\/\/www.sebastonlutherie.com\/","title":{"rendered":""},"content":{"rendered":"<p>&nbsp;<\/p>\n<p>&nbsp;<\/p>\n<p>&nbsp;<\/p>\n<p><H4>S\u00e9bastien Rouillon artisan luthier,\u00a0fort de son exp\u00e9rience vous emm\u00e8nera au bout de vos\u00a0projets lutherie, guitare et basse,\u00a0m\u00eame les plus fous.<\/p>\n<p>L&rsquo;atelier effectue \u00e9galement sur demande, de la customisation, des r\u00e9parations ainsi que divers r\u00e9glages d&rsquo;instruments \u00e0 cordes.<\/H4><\/p>\n<p>&nbsp;<\/p>\n<p>&nbsp;<\/p>\n<p><em>\u00a0<\/em><\/p>\n<p>&nbsp;<\/p>\n<p>&nbsp;<\/p>\n","protected":false},"excerpt":{"rendered":"<p>&nbsp; &nbsp; &nbsp; S\u00e9bastien Rouillon artisan luthier,\u00a0fort de son exp\u00e9rience vous emm\u00e8nera au bout de vos\u00a0projets lutherie, guitare et basse,\u00a0m\u00eame les plus [&hellip;]<\/p>\n","protected":false},"author":1,"featured_media":0,"parent":0,"menu_order":0,"comment_status":"closed","ping_status":"closed","template":"page-templates\/page_front-page.php","meta":[],"_links":{"self":[{"href":"http:\/\/www.sebastonlutherie.com\/index.php?rest_route=\/wp\/v2\/pages\/63"}],"collection":[{"href":"http:\/\/www.sebastonlutherie.com\/index.php?rest_route=\/wp\/v2\/pages"}],"about":[{"href":"http:\/\/www.sebastonlutherie.com\/index.php?rest_route=\/wp\/v2\/types\/page"}],"author":[{"embeddable":true,"href":"http:\/\/www.sebastonlutherie.com\/index.php?rest_route=\/wp\/v2\/users\/1"}],"replies":[{"embeddable":true,"href":"http:\/\/www.sebastonlutherie.com\/index.php?rest_route=%2Fwp%2Fv2%2Fcomments&post=63"}],"version-history":[{"count":19,"href":"http:\/\/www.sebastonlutherie.com\/index.php?rest_route=\/wp\/v2\/pages\/63\/revisions"}],"predecessor-version":[{"id":310,"href":"http:\/\/www.sebastonlutherie.com\/index.php?rest_route=\/wp\/v2\/pages\/63\/revisions\/310"}],"wp:attachment":[{"href":"http:\/\/www.sebastonlutherie.com\/index.php?rest_route=%2Fwp%2Fv2%2Fmedia&parent=63"}],"curies":[{"name":"wp","href":"https:\/\/api.w.org\/{rel}","templated":true}]}}